{"id":800,"date":"2022-06-17T13:25:18","date_gmt":"2022-06-17T11:25:18","guid":{"rendered":"https:\/\/zencoiffure.be\/realization-of-websites\/"},"modified":"2022-06-17T13:25:19","modified_gmt":"2022-06-17T11:25:19","slug":"realization-of-websites","status":"publish","type":"page","link":"https:\/\/zencoiffure.be\/en\/realization-of-websites\/","title":{"rendered":"Realization of websites"},"content":{"rendered":"\n<h1 class=\"wp-block-heading\">Realization of websites<\/h1>\n\n<p>The<strong><a href=\"http:\/\/www.zencoiffure.be\/\">\u201cZEN COIFFURE\u201d<\/a><\/strong> website was designed <a rel=\"noreferrer noopener\" href=\"http:\/\/www.oye-oye.net\/\" target=\"_blank\"><strong><em>by OY\u00c9-OY\u00c9<\/em><\/strong>\u00a9<\/a>, <strong>web agency<\/strong> of <a rel=\"noreferrer noopener\" href=\"http:\/\/www.petitfute.com\/p242-belgique\/\" target=\"_blank\">Petit Fut\u00e9 Belgium<\/a>.<\/p>\n\n<p><strong>OY\u00c9-OY\u00c9<\/strong> has \u200b\u200bput in place the appropriate solution to effectively distribute <strong>\u201cZEN COIFFURE\u201d<\/strong> data on the web.<\/p>\n\n<p>With the creation of this functional site first. And especially the link of this one with the major actors of the web (social networks, platforms\u2026) for more visibility.<\/p>\n\n<p>Active since 1989 in HORECA, LEISURE and TOURISM communication (with the Petit Fut\u00e9 guides in <strong>Brussels<\/strong> and <strong>Belgium<\/strong>) and a web player since 2001, <strong>OY\u00c9-OY\u00c9<\/strong> today offers tools at the forefront of all current trends. In complete transparency, everything has been done to make those in charge of <strong>\u201cZEN HAIRDRESSING\u201d<\/strong> autonomous and to bring their establishment to be permanently more visible on the web.<\/p>\n","protected":false},"excerpt":{"rendered":"<p>Realization of websites The\u201cZEN COIFFURE\u201d website was designed by OY\u00c9-OY\u00c9\u00a9, web agency of Petit Fut\u00e9 Belgium. OY\u00c9-OY\u00c9 has \u200b\u200bput in place the appropriate solution to effectively distribute \u201cZEN COIFFURE\u201d data on the web. With the creation of this functional site first. And especially the link of this one with the major actors of the web [&hellip;]<\/p>\n","protected":false},"author":2,"featured_media":0,"parent":0,"menu_order":0,"comment_status":"closed","ping_status":"closed","template":"","meta":{"footnotes":""},"class_list":["post-800","page","type-page","status-publish","hentry"],"_links":{"self":[{"href":"https:\/\/zencoiffure.be\/en\/wp-json\/wp\/v2\/pages\/800","targetHints":{"allow":["GET"]}}],"collection":[{"href":"https:\/\/zencoiffure.be\/en\/wp-json\/wp\/v2\/pages"}],"about":[{"href":"https:\/\/zencoiffure.be\/en\/wp-json\/wp\/v2\/types\/page"}],"author":[{"embeddable":true,"href":"https:\/\/zencoiffure.be\/en\/wp-json\/wp\/v2\/users\/2"}],"replies":[{"embeddable":true,"href":"https:\/\/zencoiffure.be\/en\/wp-json\/wp\/v2\/comments?post=800"}],"version-history":[{"count":1,"href":"https:\/\/zencoiffure.be\/en\/wp-json\/wp\/v2\/pages\/800\/revisions"}],"predecessor-version":[{"id":801,"href":"https:\/\/zencoiffure.be\/en\/wp-json\/wp\/v2\/pages\/800\/revisions\/801"}],"wp:attachment":[{"href":"https:\/\/zencoiffure.be\/en\/wp-json\/wp\/v2\/media?parent=800"}],"curies":[{"name":"wp","href":"https:\/\/api.w.org\/{rel}","templated":true}]}}